{"id":60,"date":"2022-01-26T13:09:50","date_gmt":"2022-01-26T12:09:50","guid":{"rendered":"http:\/\/lorentz-einstein-kritik.de\/?page_id=60"},"modified":"2022-04-20T20:42:08","modified_gmt":"2022-04-20T18:42:08","slug":"start","status":"publish","type":"page","link":"https:\/\/lorentz-einstein-kritik.de\/","title":{"rendered":"Lorentz-Einstein-Kritik"},"content":{"rendered":"\n<p> <\/p>\n\n\n\n<p><\/p>\n\n\n\n<figure class=\"wp-block-image size-large is-style-default\"><img loading=\"lazy\" decoding=\"async\" width=\"875\" height=\"1024\" src=\"http:\/\/lorentz-einstein-kritik.de\/wp-content\/uploads\/2022\/04\/InvEllipsoid-875x1024.png\" alt=\"\" class=\"wp-image-690\" srcset=\"https:\/\/lorentz-einstein-kritik.de\/wp-content\/uploads\/2022\/04\/InvEllipsoid-875x1024.png 875w, https:\/\/lorentz-einstein-kritik.de\/wp-content\/uploads\/2022\/04\/InvEllipsoid-768x899.png 768w, https:\/\/lorentz-einstein-kritik.de\/wp-content\/uploads\/2022\/04\/InvEllipsoid.png 1181w\" sizes=\"auto, (max-width: 875px) 100vw, 875px\" \/><figcaption><strong>In dieser Abbildung sind die blaue Heaviside-Ellipse der partiellen Ableitungen invers (kontravariant) zu der roten Ellipse nach Hermann Weyl. Die Inversion am Einheitskreis ist die Transformation der reziproken Radien. Die Unkenntnis f\u00fchrte zu den Fehlern der Lorentz-Transformation und schlie\u00dflich der speziellen Relativit\u00e4tstheorie.<\/strong><\/figcaption><\/figure>\n\n\n\n<p><\/p>\n\n\n\n<div data-wp-interactive=\"core\/file\" class=\"wp-block-file\"><object data-wp-bind--hidden=\"!state.hasPdfPreview\" hidden class=\"wp-block-file__embed\" data=\"http:\/\/lorentz-einstein-kritik.de\/wp-content\/uploads\/2022\/04\/SRT_ART.pdf\" type=\"application\/pdf\" style=\"width:100%;height:600px\" aria-label=\"Einbettung von Einbettung von SRT_ART..\"><\/object><a id=\"wp-block-file--media-8e66dec5-4700-4c83-89d0-e77a85960f89\" href=\"http:\/\/lorentz-einstein-kritik.de\/wp-content\/uploads\/2022\/04\/SRT_ART.pdf\">SRT_ART<\/a><a href=\"http:\/\/lorentz-einstein-kritik.de\/wp-content\/uploads\/2022\/04\/SRT_ART.pdf\" class=\"wp-block-file__button\" download aria-describedby=\"wp-block-file--media-8e66dec5-4700-4c83-89d0-e77a85960f89\">Herunterladen<\/a><\/div>\n","protected":false},"excerpt":{"rendered":"","protected":false},"author":2,"featured_media":0,"parent":0,"menu_order":1,"comment_status":"closed","ping_status":"closed","template":"","meta":{"footnotes":""},"class_list":["post-60","page","type-page","status-publish","hentry","entry"],"_links":{"self":[{"href":"https:\/\/lorentz-einstein-kritik.de\/index.php?rest_route=\/wp\/v2\/pages\/60","targetHints":{"allow":["GET"]}}],"collection":[{"href":"https:\/\/lorentz-einstein-kritik.de\/index.php?rest_route=\/wp\/v2\/pages"}],"about":[{"href":"https:\/\/lorentz-einstein-kritik.de\/index.php?rest_route=\/wp\/v2\/types\/page"}],"author":[{"embeddable":true,"href":"https:\/\/lorentz-einstein-kritik.de\/index.php?rest_route=\/wp\/v2\/users\/2"}],"replies":[{"embeddable":true,"href":"https:\/\/lorentz-einstein-kritik.de\/index.php?rest_route=%2Fwp%2Fv2%2Fcomments&post=60"}],"version-history":[{"count":32,"href":"https:\/\/lorentz-einstein-kritik.de\/index.php?rest_route=\/wp\/v2\/pages\/60\/revisions"}],"predecessor-version":[{"id":1216,"href":"https:\/\/lorentz-einstein-kritik.de\/index.php?rest_route=\/wp\/v2\/pages\/60\/revisions\/1216"}],"wp:attachment":[{"href":"https:\/\/lorentz-einstein-kritik.de\/index.php?rest_route=%2Fwp%2Fv2%2Fmedia&parent=60"}],"curies":[{"name":"wp","href":"https:\/\/api.w.org\/{rel}","templated":true}]}}